{"id":11,"date":"2020-07-06T19:03:06","date_gmt":"2020-07-06T19:03:06","guid":{"rendered":"https:\/\/www.getinsolutions.com\/blog\/?page_id=11"},"modified":"2020-07-06T19:03:06","modified_gmt":"2020-07-06T19:03:06","slug":"inicio","status":"publish","type":"page","link":"https:\/\/www.getinsolutions.com\/blog\/inicio\/","title":{"rendered":"Inicio"},"content":{"rendered":"\n<p>\u00a1Bienvenido a tu sitio! Esta es tu p\u00e1gina de inicio, que es la que la mayor\u00eda de visitantes ver\u00e1n cuando vengan a tu sitio por primera vez.<\/p>\n","protected":false},"excerpt":{"rendered":"<p>\u00a1Bienvenido a tu sitio! Esta es tu p\u00e1gina de inicio, que es la que la mayor\u00eda de visitantes ver\u00e1n cuando vengan a tu sitio por primera vez.<\/p>\n","protected":false},"author":1,"featured_media":0,"parent":0,"menu_order":0,"comment_status":"closed","ping_status":"closed","template":"","meta":{"_monsterinsights_skip_tracking":false,"_monsterinsights_sitenote_active":false,"_monsterinsights_sitenote_note":"","_monsterinsights_sitenote_category":0,"footnotes":""},"categories":[],"tags":[],"class_list":["post-11","page","type-page","status-publish","hentry"],"yoast_head":"<!-- This site is optimized with the Yoast SEO plugin v27.4 - https:\/\/yoast.com\/product\/yoast-seo-wordpress\/ -->\n<title>Inicio &#8211; Comercio exterior | NEWS<\/title>\n<meta name=\"robots\" content=\"index, follow, max-snippet:-1, max-image-preview:large, max-video-preview:-1\" \/>\n<link rel=\"canonical\" href=\"https:\/\/www.getinsolutions.com\/blog\/inicio\/\" \/>\n<meta property=\"og:locale\" content=\"es_ES\" \/>\n<meta property=\"og:type\" content=\"article\" \/>\n<meta property=\"og:title\" content=\"Inicio &#8211; Comercio exterior | NEWS\" \/>\n<meta property=\"og:description\" content=\"\u00a1Bienvenido a tu sitio! Esta es tu p\u00e1gina de inicio, que es la que la mayor\u00eda de visitantes ver\u00e1n cuando vengan a tu sitio por primera vez.\" \/>\n<meta property=\"og:url\" content=\"https:\/\/www.getinsolutions.com\/blog\/inicio\/\" \/>\n<meta property=\"og:site_name\" content=\"Comercio exterior | NEWS\" \/>\n<meta property=\"article:publisher\" content=\"https:\/\/www.getinsolutions.com\/\" \/>\n<meta name=\"twitter:card\" content=\"summary_large_image\" \/>\n<script type=\"application\/ld+json\" class=\"yoast-schema-graph\">{\"@context\":\"https:\\\/\\\/schema.org\",\"@graph\":[{\"@type\":\"WebPage\",\"@id\":\"https:\\\/\\\/www.getinsolutions.com\\\/blog\\\/inicio\\\/\",\"url\":\"https:\\\/\\\/www.getinsolutions.com\\\/blog\\\/inicio\\\/\",\"name\":\"Inicio &#8211; Comercio exterior | NEWS\",\"isPartOf\":{\"@id\":\"https:\\\/\\\/www.getinsolutions.com\\\/blog\\\/#website\"},\"datePublished\":\"2020-07-06T19:03:06+00:00\",\"breadcrumb\":{\"@id\":\"https:\\\/\\\/www.getinsolutions.com\\\/blog\\\/inicio\\\/#breadcrumb\"},\"inLanguage\":\"es\",\"potentialAction\":[{\"@type\":\"ReadAction\",\"target\":[\"https:\\\/\\\/www.getinsolutions.com\\\/blog\\\/inicio\\\/\"]}]},{\"@type\":\"BreadcrumbList\",\"@id\":\"https:\\\/\\\/www.getinsolutions.com\\\/blog\\\/inicio\\\/#breadcrumb\",\"itemListElement\":[{\"@type\":\"ListItem\",\"position\":1,\"name\":\"Portada\",\"item\":\"https:\\\/\\\/www.getinsolutions.com\\\/blog\\\/\"},{\"@type\":\"ListItem\",\"position\":2,\"name\":\"Inicio\"}]},{\"@type\":\"WebSite\",\"@id\":\"https:\\\/\\\/www.getinsolutions.com\\\/blog\\\/#website\",\"url\":\"https:\\\/\\\/www.getinsolutions.com\\\/blog\\\/\",\"name\":\"Supply Chain NEWS\",\"description\":\"Aduana | Log\u00edstica 4.0 | Supply chain\",\"potentialAction\":[{\"@type\":\"SearchAction\",\"target\":{\"@type\":\"EntryPoint\",\"urlTemplate\":\"https:\\\/\\\/www.getinsolutions.com\\\/blog\\\/?s={search_term_string}\"},\"query-input\":{\"@type\":\"PropertyValueSpecification\",\"valueRequired\":true,\"valueName\":\"search_term_string\"}}],\"inLanguage\":\"es\"}]}<\/script>\n<!-- \/ Yoast SEO plugin. -->","yoast_head_json":{"title":"Inicio &#8211; Comercio exterior | NEWS","robots":{"index":"index","follow":"follow","max-snippet":"max-snippet:-1","max-image-preview":"max-image-preview:large","max-video-preview":"max-video-preview:-1"},"canonical":"https:\/\/www.getinsolutions.com\/blog\/inicio\/","og_locale":"es_ES","og_type":"article","og_title":"Inicio &#8211; Comercio exterior | NEWS","og_description":"\u00a1Bienvenido a tu sitio! Esta es tu p\u00e1gina de inicio, que es la que la mayor\u00eda de visitantes ver\u00e1n cuando vengan a tu sitio por primera vez.","og_url":"https:\/\/www.getinsolutions.com\/blog\/inicio\/","og_site_name":"Comercio exterior | NEWS","article_publisher":"https:\/\/www.getinsolutions.com\/","twitter_card":"summary_large_image","schema":{"@context":"https:\/\/schema.org","@graph":[{"@type":"WebPage","@id":"https:\/\/www.getinsolutions.com\/blog\/inicio\/","url":"https:\/\/www.getinsolutions.com\/blog\/inicio\/","name":"Inicio &#8211; Comercio exterior | NEWS","isPartOf":{"@id":"https:\/\/www.getinsolutions.com\/blog\/#website"},"datePublished":"2020-07-06T19:03:06+00:00","breadcrumb":{"@id":"https:\/\/www.getinsolutions.com\/blog\/inicio\/#breadcrumb"},"inLanguage":"es","potentialAction":[{"@type":"ReadAction","target":["https:\/\/www.getinsolutions.com\/blog\/inicio\/"]}]},{"@type":"BreadcrumbList","@id":"https:\/\/www.getinsolutions.com\/blog\/inicio\/#breadcrumb","itemListElement":[{"@type":"ListItem","position":1,"name":"Portada","item":"https:\/\/www.getinsolutions.com\/blog\/"},{"@type":"ListItem","position":2,"name":"Inicio"}]},{"@type":"WebSite","@id":"https:\/\/www.getinsolutions.com\/blog\/#website","url":"https:\/\/www.getinsolutions.com\/blog\/","name":"Supply Chain NEWS","description":"Aduana | Log\u00edstica 4.0 | Supply chain","potentialAction":[{"@type":"SearchAction","target":{"@type":"EntryPoint","urlTemplate":"https:\/\/www.getinsolutions.com\/blog\/?s={search_term_string}"},"query-input":{"@type":"PropertyValueSpecification","valueRequired":true,"valueName":"search_term_string"}}],"inLanguage":"es"}]}},"_links":{"self":[{"href":"https:\/\/www.getinsolutions.com\/blog\/wp-json\/wp\/v2\/pages\/11","targetHints":{"allow":["GET"]}}],"collection":[{"href":"https:\/\/www.getinsolutions.com\/blog\/wp-json\/wp\/v2\/pages"}],"about":[{"href":"https:\/\/www.getinsolutions.com\/blog\/wp-json\/wp\/v2\/types\/page"}],"author":[{"embeddable":true,"href":"https:\/\/www.getinsolutions.com\/blog\/wp-json\/wp\/v2\/users\/1"}],"replies":[{"embeddable":true,"href":"https:\/\/www.getinsolutions.com\/blog\/wp-json\/wp\/v2\/comments?post=11"}],"version-history":[{"count":1,"href":"https:\/\/www.getinsolutions.com\/blog\/wp-json\/wp\/v2\/pages\/11\/revisions"}],"predecessor-version":[{"id":17,"href":"https:\/\/www.getinsolutions.com\/blog\/wp-json\/wp\/v2\/pages\/11\/revisions\/17"}],"wp:attachment":[{"href":"https:\/\/www.getinsolutions.com\/blog\/wp-json\/wp\/v2\/media?parent=11"}],"wp:term":[{"taxonomy":"category","embeddable":true,"href":"https:\/\/www.getinsolutions.com\/blog\/wp-json\/wp\/v2\/categories?post=11"},{"taxonomy":"post_tag","embeddable":true,"href":"https:\/\/www.getinsolutions.com\/blog\/wp-json\/wp\/v2\/tags?post=11"}],"curies":[{"name":"wp","href":"https:\/\/api.w.org\/{rel}","templated":true}]}}