{"id":13,"date":"2020-07-06T19:03:06","date_gmt":"2020-07-06T19:03:06","guid":{"rendered":"https:\/\/www.getinsolutions.com\/blog\/?page_id=13"},"modified":"2020-08-23T17:42:19","modified_gmt":"2020-08-23T22:42:19","slug":"contacto","status":"publish","type":"page","link":"https:\/\/www.getinsolutions.com\/blog\/contacto\/","title":{"rendered":"SERVICIOS"},"content":{"rendered":"\n<p><a href=\"https:\/\/www.getinsolutions.com\/#flete\">Fletes mar\u00edtimos<\/a> FCL desde Asia y lejano oriente, Europa, Norte, centro y Suram\u00e9rica.<\/p>\n\n\n\n<p>Consolidados mar\u00edtimos LCL desde los 5 continentes, zarpes semanales contamos con una red global de agentes que apoyan todas nuestras operaciones <\/p>\n\n\n\n<p>Fletes a\u00e9reos desde los 5 continentes, contamos con el respaldo de aerol\u00edneas y agentes que nos permiten ofrecerte fletes salidas peri\u00f3dicas  y consolidados desde Brasil y USA con tarifas y frecuencias  competitivas <\/p>\n\n\n\n<p><a href=\"https:\/\/www.getinsolutions.com\/#flete\"><strong>Transporte multimodal OTM |DTA<\/strong> <\/a>para operaciones especiales con destino a zona franca contamos con bodegas para usuario industrial y comercial<\/p>\n\n\n\n<p><strong>Agenciamiento aduanero<\/strong>, 10 a\u00f1os nacionalizando mercanc\u00edas de diversa naturaleza nos permite ofrecer operaciones mas eficientes mediante an\u00e1lisis documentales y del c\u00f3digo arancelario, nuestra promesa es que al llegar la mercanc\u00eda puerto todo debe estar dispuesto para el pago de aranceles a la aduana<\/p>\n\n\n\n<p><strong><a href=\"https:\/\/www.getinsolutions.com\/#flete\">P\u00f3lizas internacionales<\/a><\/strong> full cobertura con amparos de lucro cesante, deducibles y transito en carreteras nacionales nocturnos y feriados <\/p>\n","protected":false},"excerpt":{"rendered":"<p>Fletes mar\u00edtimos FCL desde Asia y lejano oriente, Europa, Norte, centro y Suram\u00e9rica. Consolidados mar\u00edtimos LCL desde los 5 continentes, zarpes semanales contamos con una red global de agentes que apoyan todas nuestras operaciones Fletes a\u00e9reos desde los 5 continentes, contamos con el respaldo de aerol\u00edneas y agentes que nos permiten ofrecerte fletes salidas peri\u00f3dicas [&hellip;]<\/p>\n","protected":false},"author":1,"featured_media":0,"parent":0,"menu_order":0,"comment_status":"closed","ping_status":"closed","template":"","meta":{"_monsterinsights_skip_tracking":false,"_monsterinsights_sitenote_active":false,"_monsterinsights_sitenote_note":"","_monsterinsights_sitenote_category":0,"footnotes":""},"categories":[],"tags":[],"class_list":["post-13","page","type-page","status-publish","hentry"],"yoast_head":"<!-- This site is optimized with the Yoast SEO plugin v27.4 - https:\/\/yoast.com\/product\/yoast-seo-wordpress\/ -->\n<title>SERVICIOS &#8211; Comercio exterior | NEWS<\/title>\n<meta name=\"description\" content=\"Operador logistico, analisis operaciones comercio exterior, aduana, SIA, consolidados maritimos, fletes FCL, OTM, MUltimodal zona franca\" \/>\n<meta name=\"robots\" content=\"index, follow, max-snippet:-1, max-image-preview:large, max-video-preview:-1\" \/>\n<link rel=\"canonical\" href=\"https:\/\/www.getinsolutions.com\/blog\/contacto\/\" \/>\n<meta property=\"og:locale\" content=\"es_ES\" \/>\n<meta property=\"og:type\" content=\"article\" \/>\n<meta property=\"og:title\" content=\"SERVICIOS &#8211; Comercio exterior | NEWS\" \/>\n<meta property=\"og:description\" content=\"Operador logistico, analisis operaciones comercio exterior, aduana, SIA, consolidados maritimos, fletes FCL, OTM, MUltimodal zona franca\" \/>\n<meta property=\"og:url\" content=\"https:\/\/www.getinsolutions.com\/blog\/contacto\/\" \/>\n<meta property=\"og:site_name\" content=\"Comercio exterior | NEWS\" \/>\n<meta property=\"article:publisher\" content=\"https:\/\/www.getinsolutions.com\/\" \/>\n<meta property=\"article:modified_time\" content=\"2020-08-23T22:42:19+00:00\" \/>\n<meta name=\"twitter:card\" content=\"summary_large_image\" \/>\n<meta name=\"twitter:label1\" content=\"Tiempo de lectura\" \/>\n\t<meta name=\"twitter:data1\" content=\"1 minuto\" \/>\n<script type=\"application\/ld+json\" class=\"yoast-schema-graph\">{\"@context\":\"https:\\\/\\\/schema.org\",\"@graph\":[{\"@type\":\"WebPage\",\"@id\":\"https:\\\/\\\/www.getinsolutions.com\\\/blog\\\/contacto\\\/\",\"url\":\"https:\\\/\\\/www.getinsolutions.com\\\/blog\\\/contacto\\\/\",\"name\":\"SERVICIOS &#8211; Comercio exterior | NEWS\",\"isPartOf\":{\"@id\":\"https:\\\/\\\/www.getinsolutions.com\\\/blog\\\/#website\"},\"datePublished\":\"2020-07-06T19:03:06+00:00\",\"dateModified\":\"2020-08-23T22:42:19+00:00\",\"description\":\"Operador logistico, analisis operaciones comercio exterior, aduana, SIA, consolidados maritimos, fletes FCL, OTM, MUltimodal zona franca\",\"breadcrumb\":{\"@id\":\"https:\\\/\\\/www.getinsolutions.com\\\/blog\\\/contacto\\\/#breadcrumb\"},\"inLanguage\":\"es\",\"potentialAction\":[{\"@type\":\"ReadAction\",\"target\":[\"https:\\\/\\\/www.getinsolutions.com\\\/blog\\\/contacto\\\/\"]}]},{\"@type\":\"BreadcrumbList\",\"@id\":\"https:\\\/\\\/www.getinsolutions.com\\\/blog\\\/contacto\\\/#breadcrumb\",\"itemListElement\":[{\"@type\":\"ListItem\",\"position\":1,\"name\":\"Portada\",\"item\":\"https:\\\/\\\/www.getinsolutions.com\\\/blog\\\/\"},{\"@type\":\"ListItem\",\"position\":2,\"name\":\"SERVICIOS\"}]},{\"@type\":\"WebSite\",\"@id\":\"https:\\\/\\\/www.getinsolutions.com\\\/blog\\\/#website\",\"url\":\"https:\\\/\\\/www.getinsolutions.com\\\/blog\\\/\",\"name\":\"Supply Chain NEWS\",\"description\":\"Aduana | Log\u00edstica 4.0 | Supply chain\",\"potentialAction\":[{\"@type\":\"SearchAction\",\"target\":{\"@type\":\"EntryPoint\",\"urlTemplate\":\"https:\\\/\\\/www.getinsolutions.com\\\/blog\\\/?s={search_term_string}\"},\"query-input\":{\"@type\":\"PropertyValueSpecification\",\"valueRequired\":true,\"valueName\":\"search_term_string\"}}],\"inLanguage\":\"es\"}]}<\/script>\n<!-- \/ Yoast SEO plugin. -->","yoast_head_json":{"title":"SERVICIOS &#8211; Comercio exterior | NEWS","description":"Operador logistico, analisis operaciones comercio exterior, aduana, SIA, consolidados maritimos, fletes FCL, OTM, MUltimodal zona franca","robots":{"index":"index","follow":"follow","max-snippet":"max-snippet:-1","max-image-preview":"max-image-preview:large","max-video-preview":"max-video-preview:-1"},"canonical":"https:\/\/www.getinsolutions.com\/blog\/contacto\/","og_locale":"es_ES","og_type":"article","og_title":"SERVICIOS &#8211; Comercio exterior | NEWS","og_description":"Operador logistico, analisis operaciones comercio exterior, aduana, SIA, consolidados maritimos, fletes FCL, OTM, MUltimodal zona franca","og_url":"https:\/\/www.getinsolutions.com\/blog\/contacto\/","og_site_name":"Comercio exterior | NEWS","article_publisher":"https:\/\/www.getinsolutions.com\/","article_modified_time":"2020-08-23T22:42:19+00:00","twitter_card":"summary_large_image","twitter_misc":{"Tiempo de lectura":"1 minuto"},"schema":{"@context":"https:\/\/schema.org","@graph":[{"@type":"WebPage","@id":"https:\/\/www.getinsolutions.com\/blog\/contacto\/","url":"https:\/\/www.getinsolutions.com\/blog\/contacto\/","name":"SERVICIOS &#8211; Comercio exterior | NEWS","isPartOf":{"@id":"https:\/\/www.getinsolutions.com\/blog\/#website"},"datePublished":"2020-07-06T19:03:06+00:00","dateModified":"2020-08-23T22:42:19+00:00","description":"Operador logistico, analisis operaciones comercio exterior, aduana, SIA, consolidados maritimos, fletes FCL, OTM, MUltimodal zona franca","breadcrumb":{"@id":"https:\/\/www.getinsolutions.com\/blog\/contacto\/#breadcrumb"},"inLanguage":"es","potentialAction":[{"@type":"ReadAction","target":["https:\/\/www.getinsolutions.com\/blog\/contacto\/"]}]},{"@type":"BreadcrumbList","@id":"https:\/\/www.getinsolutions.com\/blog\/contacto\/#breadcrumb","itemListElement":[{"@type":"ListItem","position":1,"name":"Portada","item":"https:\/\/www.getinsolutions.com\/blog\/"},{"@type":"ListItem","position":2,"name":"SERVICIOS"}]},{"@type":"WebSite","@id":"https:\/\/www.getinsolutions.com\/blog\/#website","url":"https:\/\/www.getinsolutions.com\/blog\/","name":"Supply Chain NEWS","description":"Aduana | Log\u00edstica 4.0 | Supply chain","potentialAction":[{"@type":"SearchAction","target":{"@type":"EntryPoint","urlTemplate":"https:\/\/www.getinsolutions.com\/blog\/?s={search_term_string}"},"query-input":{"@type":"PropertyValueSpecification","valueRequired":true,"valueName":"search_term_string"}}],"inLanguage":"es"}]}},"_links":{"self":[{"href":"https:\/\/www.getinsolutions.com\/blog\/wp-json\/wp\/v2\/pages\/13","targetHints":{"allow":["GET"]}}],"collection":[{"href":"https:\/\/www.getinsolutions.com\/blog\/wp-json\/wp\/v2\/pages"}],"about":[{"href":"https:\/\/www.getinsolutions.com\/blog\/wp-json\/wp\/v2\/types\/page"}],"author":[{"embeddable":true,"href":"https:\/\/www.getinsolutions.com\/blog\/wp-json\/wp\/v2\/users\/1"}],"replies":[{"embeddable":true,"href":"https:\/\/www.getinsolutions.com\/blog\/wp-json\/wp\/v2\/comments?post=13"}],"version-history":[{"count":4,"href":"https:\/\/www.getinsolutions.com\/blog\/wp-json\/wp\/v2\/pages\/13\/revisions"}],"predecessor-version":[{"id":277,"href":"https:\/\/www.getinsolutions.com\/blog\/wp-json\/wp\/v2\/pages\/13\/revisions\/277"}],"wp:attachment":[{"href":"https:\/\/www.getinsolutions.com\/blog\/wp-json\/wp\/v2\/media?parent=13"}],"wp:term":[{"taxonomy":"category","embeddable":true,"href":"https:\/\/www.getinsolutions.com\/blog\/wp-json\/wp\/v2\/categories?post=13"},{"taxonomy":"post_tag","embeddable":true,"href":"https:\/\/www.getinsolutions.com\/blog\/wp-json\/wp\/v2\/tags?post=13"}],"curies":[{"name":"wp","href":"https:\/\/api.w.org\/{rel}","templated":true}]}}